{"id":16,"date":"2011-12-08T10:17:08","date_gmt":"2011-12-08T10:17:08","guid":{"rendered":"http:\/\/krut.javatears.se\/?page_id=16"},"modified":"2011-12-08T10:28:08","modified_gmt":"2011-12-08T10:28:08","slug":"stadgar","status":"publish","type":"page","link":"http:\/\/krutkonst.se\/?page_id=16","title":{"rendered":"Stadgar"},"content":{"rendered":"<p><strong>KRUT<\/strong>\/<strong>K<\/strong>onstf\u00f6<strong>R<\/strong>eningen i <strong>U<\/strong>lvsby<strong>T<\/strong>rakten<\/p>\n<p><strong>STADGAR<\/strong><\/p>\n<p>Reviderat 2009-03-29<\/p>\n<p><strong>\u00a71<br \/>\n<\/strong><strong>F\u00f6reningens syfte<br \/>\n<\/strong>F\u00f6reningen syfte \u00e4r ideellt.<br \/>\nF\u00f6reningen har till uppgift att inom Ulvsby med omnejd v\u00e4cka, underh\u00e5lla och stimulera intresset f\u00f6r konst och kultur, s\u00e4rskilt genom<br \/>\n&#8211; att verka f\u00f6r bildning om konst och kultur<br \/>\n&#8211; att stimulera till\/anordna utst\u00e4llningar f\u00f6r att sammanf\u00f6ra konstut\u00f6vare och\u00a0konstpublik<\/p>\n<p><strong>\u00a72<br \/>\n<\/strong><strong>Medlemmar<br \/>\n<\/strong>F\u00f6reningen \u00e4r \u00f6ppen f\u00f6r alla med intresse f\u00f6r konst och kultur.<br \/>\nF\u00f6reningen best\u00e5r av \u00e5rsmedlemmar.<br \/>\nGrupper och f\u00f6reningar kan vinna anslutning.<br \/>\nMedlemsavgiften fastst\u00e4lls vid \u00e5rsm\u00f6tet.<\/p>\n<p><strong>\u00a73<br \/>\n<\/strong><strong>Verksamheten<br \/>\n<\/strong>F\u00f6reningen stimulerar till\/anordnar utst\u00e4llningar, f\u00f6redrag, studiebes\u00f6k f\u00f6r att sammanf\u00f6ra konstut\u00f6vare och konstpublik samt anordnar lotterier.<\/p>\n<p><strong>\u00a74<br \/>\n<\/strong><strong>Styrelsen<br \/>\n<\/strong>F\u00f6reningens angel\u00e4genheter handhas av en styrelse med sju ledam\u00f6ter, valda av \u00e5rsm\u00f6tet.<br \/>\nStyrelsen \u00e4r beslutm\u00e4ssig d\u00e5 minst fyra ledam\u00f6ter \u00e4r n\u00e4rvarande.<\/p>\n<p><strong>\u00a75<br \/>\n<\/strong><strong>Protokoll<br \/>\n<\/strong>Vid f\u00f6reningens styrelsem\u00f6ten skall protokoll f\u00f6ras.<\/p>\n<p><strong>\u00a76<br \/>\n<\/strong><strong>M\u00f6ten<br \/>\n<\/strong>Kallelse till f\u00f6reningsm\u00f6ten skall ske senast \u00e5tta dagar f\u00f6re utsatt dag genom personlig kallelse eller genom annons.<br \/>\nF\u00f6reningens \u00e5rsm\u00f6te skall h\u00e5llas f\u00f6re april m\u00e5nads utg\u00e5ng.<br \/>\n\u00c4rende som medlem \u00f6nskar f\u00e5 behandlat p\u00e5 f\u00f6reningsm\u00f6te skall skriftligen vara styrelsen tillhanda senast tv\u00e5 veckor f\u00f6re styrelsem\u00f6tet som f\u00f6rbereder f\u00f6reningsm\u00f6tet.<\/p>\n<p><strong>\u00a77<br \/>\n<\/strong><strong>R\u00f6stning<br \/>\n<\/strong>Alla beslut fattas med enkel majoritet med undantag av fr\u00e5gor som r\u00f6r f\u00f6reningens uppl\u00f6sning eller \u00e4ndring av stadgarna.<br \/>\nOmr\u00f6stning sker \u00f6ppet, om inte sluten beg\u00e4rs.<br \/>\nVid lika r\u00f6stetal g\u00e4ller den mening som m\u00f6tets ordf\u00f6rande bitr\u00e4der, utom vid val d\u00e5 lottning f\u00f6retages.<br \/>\nVid f\u00f6reningsm\u00f6te \u00e4ger varje n\u00e4rvarande r\u00f6stber\u00e4ttigad r\u00f6st.<\/p>\n<p><strong>\u00a78<br \/>\n<\/strong><strong>\u00c5rsm\u00f6te<br \/>\n<\/strong>Vid \u00e5rsm\u00f6te skall f\u00f6rekomma<\/p>\n<ol>\n<li>M\u00f6tets \u00f6ppnande<\/li>\n<li>Fr\u00e5ga om m\u00f6tet utlysts i stadgeenlig tid<\/li>\n<li>Val av ordf\u00f6rande f\u00f6r m\u00f6tet<\/li>\n<li>Val av sekreterare f\u00f6r m\u00f6tet<\/li>\n<li>Val av tv\u00e5 justeringsm\u00e4n<\/li>\n<li>\u00c5rsber\u00e4ttelse<\/li>\n<li>Ekonomisk ber\u00e4ttelse<\/li>\n<li>Revisorernas ber\u00e4ttelse<\/li>\n<li>Fr\u00e5ga om ansvarsfrihet f\u00f6r styrelsen<\/li>\n<li>Val av styrelse<br \/>\nOrdf\u00f6rande p\u00e5 ett \u00e5r<br \/>\nSex ledam\u00f6ter f\u00f6r tv\u00e5 \u00e5r i taget<br \/>\nTv\u00e5 revisorer<br \/>\nValberedning om tv\u00e5 personer varav en sammankallande<\/li>\n<li>Fastst\u00e4llande av \u00e5rsavgiften<\/li>\n<li>\u00d6vriga \u00e4renden<\/li>\n<li>Avslutning<\/li>\n<\/ol>\n<p><strong>\u00a79<br \/>\n<\/strong><strong>Styrelsen<br \/>\n<\/strong>Styrelsen \u00e5ligger att arbeta enligt de i \u00a71 framf\u00f6rda syftena.<br \/>\nStyrelsen utser inom sig vice ordf\u00f6rande, sekreterare, vice sekreterare, kass\u00f6r.<br \/>\nStyrelsen \u00e4ger r\u00e4tt att f\u00f6r speciella tillf\u00e4llen till sig adjungera en eller flera ledam\u00f6ter.<br \/>\nStyrelsen sammantr\u00e4der minst en g\u00e5ng om \u00e5ret, p\u00e5 kallelse av ordf\u00f6rande eller d\u00e5 minst tre ledam\u00f6ter s\u00e5 p\u00e5fodra.<br \/>\nStyrelsen \u00e4r beslutsm\u00e4ssig d\u00e5 minst fyra ledam\u00f6ter \u00e4r n\u00e4rvarande.<br \/>\nStyrelsen \u00e5ligger<br \/>\n&#8211; att under gemensamt ansvar f\u00f6rvalta f\u00f6reningens tillg\u00e5ngar<br \/>\n&#8211; att genom dess ordf\u00f6rande attestera inkomna r\u00e4kningar<br \/>\n&#8211; att bereda \u00e4renden som h\u00e4nskjuts till styrelsen<br \/>\n&#8211; att genom kassaf\u00f6rvaltarens f\u00f6rsorg l\u00e5ta uppb\u00e4ra medlemmarnas \u00e5rsavgifter, f\u00f6ra r\u00e4kenskaper som avslutas per kalender\u00e5r och f\u00f6re den 1 mars n\u00e4stkommande \u00e5r \u00f6verl\u00e4mna dessa till revisorerna f\u00f6r granskning<br \/>\n&#8211; att besluta r\u00f6rande utst\u00e4llningar och aktiviteter<br \/>\n&#8211; att besluta r\u00f6rande lotterier som f\u00f6reningen anordnar<br \/>\n&#8211; att utse firmatecknare<\/p>\n<p><strong>\u00a710<br \/>\n<\/strong><strong>Stadge\u00e4ndring<br \/>\n<\/strong>Beslut om \u00e4ndring av dessa stadgar eller om f\u00f6reningens uppl\u00f6sning ej \u00e4r giltigt, med mindre \u00e4n att samtliga n\u00e4rvarande r\u00f6stber\u00e4ttigande d\u00e4rom \u00e4r ense, eller beslut fattas p\u00e5 tv\u00e5 p\u00e5 varandra f\u00f6ljande f\u00f6reningsm\u00f6ten, d\u00e4rav minst ett \u00e5rsm\u00f6te, och p\u00e5 det f\u00f6reningsm\u00f6te som sist h\u00e5llits bitr\u00e4tts av minst tv\u00e5 tredjedelar av de n\u00e4rvarande r\u00f6stber\u00e4ttigade.<br \/>\nUppl\u00f6ses f\u00f6reningen skall f\u00f6reningens tillg\u00e5ngar \u00f6verl\u00e4mnas till n\u00e5got konstens gagnande \u00e4ndam\u00e5l varom f\u00f6reningen \u00e4ger besluta.<\/p>\n","protected":false},"excerpt":{"rendered":"<p>KRUT\/Konstf\u00f6Reningen i UlvsbyTrakten STADGAR Reviderat 2009-03-29 \u00a71 F\u00f6reningens syfte F\u00f6reningen syfte \u00e4r ideellt. F\u00f6reningen har till uppgift att inom Ulvsby med omnejd v\u00e4cka, underh\u00e5lla och stimulera intresset f\u00f6r konst och kultur, s\u00e4rskilt genom &#8211; att verka f\u00f6r bildning om konst och kultur &#8211; att stimulera till\/anordna utst\u00e4llningar f\u00f6r att sammanf\u00f6ra konstut\u00f6vare och\u00a0konstpublik \u00a72 Medlemmar F\u00f6reningen [&hellip;]<\/p>\n","protected":false},"author":1,"featured_media":0,"parent":0,"menu_order":0,"comment_status":"open","ping_status":"open","template":"","meta":[],"_links":{"self":[{"href":"http:\/\/krutkonst.se\/index.php?rest_route=\/wp\/v2\/pages\/16"}],"collection":[{"href":"http:\/\/krutkonst.se\/index.php?rest_route=\/wp\/v2\/pages"}],"about":[{"href":"http:\/\/krutkonst.se\/index.php?rest_route=\/wp\/v2\/types\/page"}],"author":[{"embeddable":true,"href":"http:\/\/krutkonst.se\/index.php?rest_route=\/wp\/v2\/users\/1"}],"replies":[{"embeddable":true,"href":"http:\/\/krutkonst.se\/index.php?rest_route=%2Fwp%2Fv2%2Fcomments&post=16"}],"version-history":[{"count":6,"href":"http:\/\/krutkonst.se\/index.php?rest_route=\/wp\/v2\/pages\/16\/revisions"}],"predecessor-version":[{"id":18,"href":"http:\/\/krutkonst.se\/index.php?rest_route=\/wp\/v2\/pages\/16\/revisions\/18"}],"wp:attachment":[{"href":"http:\/\/krutkonst.se\/index.php?rest_route=%2Fwp%2Fv2%2Fmedia&parent=16"}],"curies":[{"name":"wp","href":"https:\/\/api.w.org\/{rel}","templated":true}]}}