{"id":165,"date":"2011-12-09T08:14:26","date_gmt":"2011-12-09T08:14:26","guid":{"rendered":"http:\/\/krut.javatears.se\/?page_id=165"},"modified":"2016-11-13T12:01:21","modified_gmt":"2016-11-13T11:01:21","slug":"historik","status":"publish","type":"page","link":"http:\/\/krutkonst.se\/?page_id=165","title":{"rendered":"Historik"},"content":{"rendered":"<p><strong>Vad \u00e4r KRUT-Konstf\u00f6Reningen i UlvsbyTrakten?<\/strong><br \/>\nTack vare en grupp driftiga, inspirerande eldsj\u00e4lar bildades Konstf\u00f6Reningen i UlvsbyTrakten 1999 &#8211; 2000, dagligt tal &#8221;KRUT&#8221;. Ett namn som associerar till\u00a0styrka och kraft. Det \u00e4r ocks\u00e5 vad man finner s\u00e5v\u00e4l i f\u00f6reningen som hos\u00a0de medverkande akt\u00f6rerna i rundan!<\/p>\n<p>F\u00f6reningen \u00e4r en m\u00f6tesplats f\u00f6r den\u00a0skapande kraft som finns i Ulvsbytrakten strax utanf\u00f6r Karlstad och dess publik.<br \/>\nKRUT \u00e4r \u00f6ppen f\u00f6r olika konstomr\u00e5den: Bild, musik, dikt, film, dans, teater, konst och hantverk.<br \/>\nUnder \u00e5ret bevakar KRUT konsten, bes\u00f6ker arrangemang och utst\u00e4llningar\u00a0samt bjuder in till egna aktiviteter.<\/p>\n<p>F\u00f6reningen har varje pingsthelg under tio\u00a0\u00e5r samlat traktens konstn\u00e4rer till en konstrunda med samma namn: KRUT\u00a0(KonstRundan i UlvsbyTrakten). \u201cKRUT-rundan\u201d har p\u00e5 relativt kort tid blivit\u00a0mycket v\u00e4lk\u00e4nd och kan n\u00e4rmast betecknas som en folkfest!<br \/>\nF\u00f6rutom utst\u00e4llningar och evenemang av m\u00e5nga slag finns servering av lunch\u00a0och kaffe p\u00e5 olika st\u00e4llen i trakten.<\/p>\n<p>&nbsp;<\/p>\n","protected":false},"excerpt":{"rendered":"<p>Vad \u00e4r KRUT-Konstf\u00f6Reningen i UlvsbyTrakten? Tack vare en grupp driftiga, inspirerande eldsj\u00e4lar bildades Konstf\u00f6Reningen i UlvsbyTrakten 1999 &#8211; 2000, dagligt tal &#8221;KRUT&#8221;. Ett namn som associerar till\u00a0styrka och kraft. Det \u00e4r ocks\u00e5 vad man finner s\u00e5v\u00e4l i f\u00f6reningen som hos\u00a0de medverkande akt\u00f6rerna i rundan! F\u00f6reningen \u00e4r en m\u00f6tesplats f\u00f6r den\u00a0skapande kraft som finns i Ulvsbytrakten [&hellip;]<\/p>\n","protected":false},"author":1,"featured_media":0,"parent":0,"menu_order":0,"comment_status":"open","ping_status":"open","template":"","meta":[],"_links":{"self":[{"href":"http:\/\/krutkonst.se\/index.php?rest_route=\/wp\/v2\/pages\/165"}],"collection":[{"href":"http:\/\/krutkonst.se\/index.php?rest_route=\/wp\/v2\/pages"}],"about":[{"href":"http:\/\/krutkonst.se\/index.php?rest_route=\/wp\/v2\/types\/page"}],"author":[{"embeddable":true,"href":"http:\/\/krutkonst.se\/index.php?rest_route=\/wp\/v2\/users\/1"}],"replies":[{"embeddable":true,"href":"http:\/\/krutkonst.se\/index.php?rest_route=%2Fwp%2Fv2%2Fcomments&post=165"}],"version-history":[{"count":5,"href":"http:\/\/krutkonst.se\/index.php?rest_route=\/wp\/v2\/pages\/165\/revisions"}],"predecessor-version":[{"id":1630,"href":"http:\/\/krutkonst.se\/index.php?rest_route=\/wp\/v2\/pages\/165\/revisions\/1630"}],"wp:attachment":[{"href":"http:\/\/krutkonst.se\/index.php?rest_route=%2Fwp%2Fv2%2Fmedia&parent=165"}],"curies":[{"name":"wp","href":"https:\/\/api.w.org\/{rel}","templated":true}]}}