{"id":168,"date":"2016-03-25T08:23:32","date_gmt":"2016-03-25T07:23:32","guid":{"rendered":"http:\/\/krut.javatears.se\/?page_id=168"},"modified":"2025-05-15T15:57:10","modified_gmt":"2025-05-15T14:57:10","slug":"orgasnisation","status":"publish","type":"page","link":"http:\/\/krutkonst.se\/?page_id=168","title":{"rendered":"Om oss, organisation 2025"},"content":{"rendered":"<p>\u00c5RSM\u00d6TE 6 April 2025<\/p>\n<p>Plusgiro: <strong>176030-5<\/strong><br \/>\nOrg.nr: <strong>874001-6426<\/strong><br \/>\nmail: <strong>krutkonst@gmail.com<\/strong><br \/>\nSwisch \u00a0<strong>123 27 51 972<br \/>\nGDPR \u00a0<a href=\"http:\/\/krutkonst.se\/wp-content\/uploads\/2018\/06\/GDPR-information.pdf\" rel=\"\">GDPR information<\/a><\/strong><\/p>\n<table style=\"height: 223px;\" border=\"0\" width=\"291\" cellspacing=\"0\" cellpadding=\"0\">\n<tbody>\n<tr>\n<td colspan=\"2\" valign=\"top\" width=\"291\"><strong>KRUT:s styrelse 2025<\/strong><\/td>\n<\/tr>\n<tr>\n<td valign=\"top\" width=\"121\">Ordf\u00f6rande<\/td>\n<td valign=\"top\" width=\"170\">Christina Knowles<\/td>\n<\/tr>\n<tr>\n<td valign=\"top\" width=\"121\">V Ordf\u00f6rande<\/td>\n<td valign=\"top\" width=\"170\">Lena Djuvfeldt<\/td>\n<\/tr>\n<tr>\n<td valign=\"top\" width=\"121\">Kass\u00f6r<\/td>\n<td valign=\"top\" width=\"170\">Marita Schollin<\/td>\n<\/tr>\n<tr>\n<td valign=\"top\" width=\"121\">Sekreterare<\/td>\n<td valign=\"top\" width=\"170\">Gunilla Frid<\/td>\n<\/tr>\n<tr>\n<td valign=\"top\" width=\"121\">Ledamot<\/td>\n<td valign=\"top\" width=\"170\">Staffan Einarsson<\/td>\n<\/tr>\n<tr>\n<td valign=\"top\" width=\"121\">Ledamot<\/td>\n<td valign=\"top\" width=\"170\">Bibbi Evermark<\/td>\n<\/tr>\n<tr>\n<td valign=\"top\" width=\"121\">Ledamot<\/td>\n<td valign=\"top\" width=\"170\">Inger Eng<\/td>\n<\/tr>\n<tr>\n<td valign=\"top\" width=\"121\"><\/td>\n<td valign=\"top\" width=\"170\"><\/td>\n<\/tr>\n<\/tbody>\n<\/table>\n<table border=\"0\" cellspacing=\"0\" cellpadding=\"0\">\n<tbody>\n<tr>\n<td valign=\"top\" width=\"291\"><strong>Valberedning \u00a0 \u00a0 \u00a0 \u00a0 \u00a0<\/strong><\/td>\n<\/tr>\n<tr>\n<td valign=\"top\" width=\"291\">Karin Johansson<\/td>\n<\/tr>\n<tr>\n<td valign=\"top\" width=\"291\">Peter Jansson<\/td>\n<\/tr>\n<\/tbody>\n<\/table>\n<table border=\"0\" cellspacing=\"0\" cellpadding=\"0\">\n<tbody>\n<tr>\n<td valign=\"top\" width=\"291\"><strong>Revisorer<\/strong><br \/>\nGudrun Gidebratt<\/td>\n<\/tr>\n<tr>\n<td valign=\"top\" width=\"291\"><strong>Revisorer<\/strong><br \/>\nLars Lindgren<\/td>\n<\/tr>\n<tr>\n<td valign=\"top\" width=\"291\"><\/td>\n<\/tr>\n<tr>\n<td valign=\"top\" width=\"291\"><\/td>\n<\/tr>\n<\/tbody>\n<\/table>\n<p>KRUT samarbetar med:<\/p>\n<p><a href=\"http:\/\/krutkonst.se\/wp-content\/uploads\/2011\/12\/Logga-NBV2.jpg\"><img loading=\"lazy\" class=\"alignleft size-medium wp-image-1096\" title=\"Logga NBV\" src=\"http:\/\/krutkonst.se\/wp-content\/uploads\/2011\/12\/Logga-NBV2-300x105.jpg\" alt=\"\" width=\"300\" height=\"105\" \/><\/a><\/p>\n<p><span style=\"font-size: small;\"><span class=\"Apple-style-span\" style=\"line-height: normal;\"><a href=\"http:\/\/krutkonst.se\/wp-content\/uploads\/2011\/12\/NBV_logga.jpg\">\u00a0<\/a><\/span><\/span><\/p>\n","protected":false},"excerpt":{"rendered":"<p>\u00c5RSM\u00d6TE 6 April 2025 Plusgiro: 176030-5 Org.nr: 874001-6426 mail: krutkonst@gmail.com Swisch \u00a0123 27 51 972 GDPR \u00a0GDPR information KRUT:s styrelse 2025 Ordf\u00f6rande Christina Knowles V Ordf\u00f6rande Lena Djuvfeldt Kass\u00f6r Marita Schollin Sekreterare Gunilla Frid Ledamot Staffan Einarsson Ledamot Bibbi Evermark Ledamot Inger Eng Valberedning \u00a0 \u00a0 \u00a0 \u00a0 \u00a0 Karin Johansson Peter Jansson Revisorer Gudrun [&hellip;]<\/p>\n","protected":false},"author":1,"featured_media":0,"parent":0,"menu_order":0,"comment_status":"open","ping_status":"open","template":"","meta":[],"_links":{"self":[{"href":"http:\/\/krutkonst.se\/index.php?rest_route=\/wp\/v2\/pages\/168"}],"collection":[{"href":"http:\/\/krutkonst.se\/index.php?rest_route=\/wp\/v2\/pages"}],"about":[{"href":"http:\/\/krutkonst.se\/index.php?rest_route=\/wp\/v2\/types\/page"}],"author":[{"embeddable":true,"href":"http:\/\/krutkonst.se\/index.php?rest_route=\/wp\/v2\/users\/1"}],"replies":[{"embeddable":true,"href":"http:\/\/krutkonst.se\/index.php?rest_route=%2Fwp%2Fv2%2Fcomments&post=168"}],"version-history":[{"count":66,"href":"http:\/\/krutkonst.se\/index.php?rest_route=\/wp\/v2\/pages\/168\/revisions"}],"predecessor-version":[{"id":2855,"href":"http:\/\/krutkonst.se\/index.php?rest_route=\/wp\/v2\/pages\/168\/revisions\/2855"}],"wp:attachment":[{"href":"http:\/\/krutkonst.se\/index.php?rest_route=%2Fwp%2Fv2%2Fmedia&parent=168"}],"curies":[{"name":"wp","href":"https:\/\/api.w.org\/{rel}","templated":true}]}}