{"id":176,"date":"2011-12-09T08:36:53","date_gmt":"2011-12-09T08:36:53","guid":{"rendered":"http:\/\/krut.javatears.se\/?page_id=176"},"modified":"2026-03-11T20:42:15","modified_gmt":"2026-03-11T19:42:15","slug":"bli-medlem","status":"publish","type":"page","link":"http:\/\/krutkonst.se\/?page_id=176","title":{"rendered":"Bli medlem"},"content":{"rendered":"<p><strong>BLI MEDLEM I KRUT!<\/strong><br \/>\u00c5rsmedlemsskap 150 kr f\u00f6r enskild, 200 kr f\u00f6r familj<br \/>Pg 17 60 30-5\u00a0<\/p>\n<p>Ange g\u00e4rna din mejladress!<\/p>\n<p>Mer information: Christina Knowles, telefon 070-887 22 47<\/p>\n<ul>\n<li><a href=\"https:\/\/krutkonst.se\/?page_id=1870\">S\u00e5 behandlar vi personuppgifter<\/a><\/li>\n<\/ul>\n\n\n<p><\/p>\n","protected":false},"excerpt":{"rendered":"<p>BLI MEDLEM I KRUT!\u00c5rsmedlemsskap 150 kr f\u00f6r enskild, 200 kr f\u00f6r familjPg 17 60 30-5\u00a0 Ange g\u00e4rna din mejladress! Mer information: Christina Knowles, telefon 070-887 22 47 S\u00e5 behandlar vi personuppgifter<\/p>\n","protected":false},"author":1,"featured_media":0,"parent":0,"menu_order":0,"comment_status":"open","ping_status":"open","template":"","meta":[],"_links":{"self":[{"href":"http:\/\/krutkonst.se\/index.php?rest_route=\/wp\/v2\/pages\/176"}],"collection":[{"href":"http:\/\/krutkonst.se\/index.php?rest_route=\/wp\/v2\/pages"}],"about":[{"href":"http:\/\/krutkonst.se\/index.php?rest_route=\/wp\/v2\/types\/page"}],"author":[{"embeddable":true,"href":"http:\/\/krutkonst.se\/index.php?rest_route=\/wp\/v2\/users\/1"}],"replies":[{"embeddable":true,"href":"http:\/\/krutkonst.se\/index.php?rest_route=%2Fwp%2Fv2%2Fcomments&post=176"}],"version-history":[{"count":16,"href":"http:\/\/krutkonst.se\/index.php?rest_route=\/wp\/v2\/pages\/176\/revisions"}],"predecessor-version":[{"id":2935,"href":"http:\/\/krutkonst.se\/index.php?rest_route=\/wp\/v2\/pages\/176\/revisions\/2935"}],"wp:attachment":[{"href":"http:\/\/krutkonst.se\/index.php?rest_route=%2Fwp%2Fv2%2Fmedia&parent=176"}],"curies":[{"name":"wp","href":"https:\/\/api.w.org\/{rel}","templated":true}]}}