{"id":221,"date":"2011-12-09T11:51:00","date_gmt":"2011-12-09T11:51:00","guid":{"rendered":"http:\/\/krut.javatears.se\/?page_id=221"},"modified":"2011-12-09T11:51:11","modified_gmt":"2011-12-09T11:51:11","slug":"om-cookies","status":"publish","type":"page","link":"http:\/\/krutkonst.se\/?page_id=221","title":{"rendered":"Cookies"},"content":{"rendered":"<p>Den h\u00e4r webbsidan anv\u00e4nder cookies. En cookie \u00e4r en liten datafil som lagras i din dator f\u00f6r att g\u00f6ra personliga inst\u00e4llningar m\u00f6jliga. Filen anv\u00e4nds ocks\u00e5 f\u00f6r att samla statistik, exempelvis valet av webbl\u00e4sare och sk\u00e4rmuppl\u00f6sning. Denna information hj\u00e4lper oss att f\u00f6rb\u00e4ttra webbplatsen.<br \/>\nDet g\u00e5r att st\u00e4nga av cookies genom inst\u00e4llningar i webbl\u00e4saren. Med cookies avst\u00e4ngda kan vissa av webbplatsens funktioner upph\u00f6ra att fungera.<\/p>\n","protected":false},"excerpt":{"rendered":"<p>Den h\u00e4r webbsidan anv\u00e4nder cookies. En cookie \u00e4r en liten datafil som lagras i din dator f\u00f6r att g\u00f6ra personliga inst\u00e4llningar m\u00f6jliga. Filen anv\u00e4nds ocks\u00e5 f\u00f6r att samla statistik, exempelvis valet av webbl\u00e4sare och sk\u00e4rmuppl\u00f6sning. Denna information hj\u00e4lper oss att f\u00f6rb\u00e4ttra webbplatsen. Det g\u00e5r att st\u00e4nga av cookies genom inst\u00e4llningar i webbl\u00e4saren. Med cookies avst\u00e4ngda [&hellip;]<\/p>\n","protected":false},"author":1,"featured_media":0,"parent":0,"menu_order":0,"comment_status":"open","ping_status":"open","template":"","meta":[],"_links":{"self":[{"href":"http:\/\/krutkonst.se\/index.php?rest_route=\/wp\/v2\/pages\/221"}],"collection":[{"href":"http:\/\/krutkonst.se\/index.php?rest_route=\/wp\/v2\/pages"}],"about":[{"href":"http:\/\/krutkonst.se\/index.php?rest_route=\/wp\/v2\/types\/page"}],"author":[{"embeddable":true,"href":"http:\/\/krutkonst.se\/index.php?rest_route=\/wp\/v2\/users\/1"}],"replies":[{"embeddable":true,"href":"http:\/\/krutkonst.se\/index.php?rest_route=%2Fwp%2Fv2%2Fcomments&post=221"}],"version-history":[{"count":3,"href":"http:\/\/krutkonst.se\/index.php?rest_route=\/wp\/v2\/pages\/221\/revisions"}],"predecessor-version":[{"id":224,"href":"http:\/\/krutkonst.se\/index.php?rest_route=\/wp\/v2\/pages\/221\/revisions\/224"}],"wp:attachment":[{"href":"http:\/\/krutkonst.se\/index.php?rest_route=%2Fwp%2Fv2%2Fmedia&parent=221"}],"curies":[{"name":"wp","href":"https:\/\/api.w.org\/{rel}","templated":true}]}}