{"id":81,"date":"2011-12-08T13:19:23","date_gmt":"2011-12-08T13:19:23","guid":{"rendered":"http:\/\/krut.javatears.se\/?page_id=81"},"modified":"2022-03-02T11:38:13","modified_gmt":"2022-03-02T10:38:13","slug":"regelverk","status":"publish","type":"page","link":"http:\/\/krutkonst.se\/?page_id=81","title":{"rendered":"Villkor f\u00f6r deltagande"},"content":{"rendered":"<p><strong>Villkor f\u00f6r deltagande i KRUT-rundan<\/strong><\/p>\n<ul>\n<li>Medlemskap i <strong>KRUT 2022<\/strong>\u00a0(pg 176030-5. 100 kr familj, 75 kr enskild).<br \/>\nSwish 123 27 51 972<br \/>\n<span style=\"color: #ff0000;\"><strong>Medlemsavgiften m\u00e5ste vara betald f\u00f6r att f\u00e5 deltaga<\/strong>,<\/span><br \/>\ngl\u00f6m ej att skriva avs\u00e4ndare p\u00e5 inbetalningskortet.<\/li>\n<\/ul>\n<p>Dessutom m\u00e5ste n\u00e5got av f\u00f6ljande fem kriterier uppfyllas<\/p>\n<ul>\n<li>Att bo eller ha bott i Ulvsbytrakten.<\/li>\n<li>Att arbeta eller ha arbetat i Ulvsbytrakten.<\/li>\n<li>Att vara barn eller barnbarn till n\u00e5gon som bor eller har bott i Ulvsbytrakten.<\/li>\n<li>Att verka eller ha verkat inom ideellt arbete i Ulvsbytrakten.<\/li>\n<li>Att ha sommarbostad i Ulvsbytrakten.<\/li>\n<\/ul>\n","protected":false},"excerpt":{"rendered":"<p>Villkor f\u00f6r deltagande i KRUT-rundan Medlemskap i KRUT 2022\u00a0(pg 176030-5. 100 kr familj, 75 kr enskild). Swish 123 27 51 972 Medlemsavgiften m\u00e5ste vara betald f\u00f6r att f\u00e5 deltaga, gl\u00f6m ej att skriva avs\u00e4ndare p\u00e5 inbetalningskortet. Dessutom m\u00e5ste n\u00e5got av f\u00f6ljande fem kriterier uppfyllas Att bo eller ha bott i Ulvsbytrakten. Att arbeta eller ha [&hellip;]<\/p>\n","protected":false},"author":1,"featured_media":0,"parent":0,"menu_order":0,"comment_status":"open","ping_status":"open","template":"","meta":[],"_links":{"self":[{"href":"http:\/\/krutkonst.se\/index.php?rest_route=\/wp\/v2\/pages\/81"}],"collection":[{"href":"http:\/\/krutkonst.se\/index.php?rest_route=\/wp\/v2\/pages"}],"about":[{"href":"http:\/\/krutkonst.se\/index.php?rest_route=\/wp\/v2\/types\/page"}],"author":[{"embeddable":true,"href":"http:\/\/krutkonst.se\/index.php?rest_route=\/wp\/v2\/users\/1"}],"replies":[{"embeddable":true,"href":"http:\/\/krutkonst.se\/index.php?rest_route=%2Fwp%2Fv2%2Fcomments&post=81"}],"version-history":[{"count":15,"href":"http:\/\/krutkonst.se\/index.php?rest_route=\/wp\/v2\/pages\/81\/revisions"}],"predecessor-version":[{"id":2092,"href":"http:\/\/krutkonst.se\/index.php?rest_route=\/wp\/v2\/pages\/81\/revisions\/2092"}],"wp:attachment":[{"href":"http:\/\/krutkonst.se\/index.php?rest_route=%2Fwp%2Fv2%2Fmedia&parent=81"}],"curies":[{"name":"wp","href":"https:\/\/api.w.org\/{rel}","templated":true}]}}