{"id":189,"date":"2011-12-09T09:24:38","date_gmt":"2011-12-09T09:24:38","guid":{"rendered":"http:\/\/krut.javatears.se\/?page_id=189"},"modified":"2026-03-11T20:41:41","modified_gmt":"2026-03-11T19:41:41","slug":"aktiviteter","status":"publish","type":"page","link":"https:\/\/krutkonst.se\/?page_id=189","title":{"rendered":"Aktiviteter"},"content":{"rendered":"<p>\u00a0<\/p>\n<p><strong>\u00c5rets konstrunda<\/strong><\/p>\n<p><strong>V\u00e4lkommen till \u00e5rets konstrunda som \u00e4ger rum l\u00f6rdag 23 &#8211; s\u00f6ndag 24 maj!<\/strong><b><\/b><\/p>\n\n\n<p><\/p>\n","protected":false},"excerpt":{"rendered":"<p>\u00a0 \u00c5rets konstrunda V\u00e4lkommen till \u00e5rets konstrunda som \u00e4ger rum l\u00f6rdag 23 &#8211; s\u00f6ndag 24 maj!<\/p>\n","protected":false},"author":1,"featured_media":0,"parent":0,"menu_order":0,"comment_status":"open","ping_status":"open","template":"","meta":[],"_links":{"self":[{"href":"https:\/\/krutkonst.se\/index.php?rest_route=\/wp\/v2\/pages\/189"}],"collection":[{"href":"https:\/\/krutkonst.se\/index.php?rest_route=\/wp\/v2\/pages"}],"about":[{"href":"https:\/\/krutkonst.se\/index.php?rest_route=\/wp\/v2\/types\/page"}],"author":[{"embeddable":true,"href":"https:\/\/krutkonst.se\/index.php?rest_route=\/wp\/v2\/users\/1"}],"replies":[{"embeddable":true,"href":"https:\/\/krutkonst.se\/index.php?rest_route=%2Fwp%2Fv2%2Fcomments&post=189"}],"version-history":[{"count":21,"href":"https:\/\/krutkonst.se\/index.php?rest_route=\/wp\/v2\/pages\/189\/revisions"}],"predecessor-version":[{"id":2934,"href":"https:\/\/krutkonst.se\/index.php?rest_route=\/wp\/v2\/pages\/189\/revisions\/2934"}],"wp:attachment":[{"href":"https:\/\/krutkonst.se\/index.php?rest_route=%2Fwp%2Fv2%2Fmedia&parent=189"}],"curies":[{"name":"wp","href":"https:\/\/api.w.org\/{rel}","templated":true}]}}