{"id":2948,"date":"2026-05-03T13:03:35","date_gmt":"2026-05-03T12:03:35","guid":{"rendered":"https:\/\/krutkonst.se\/?page_id=2948"},"modified":"2026-05-03T13:24:43","modified_gmt":"2026-05-03T12:24:43","slug":"vinster-i-konstrundans-lotteri-2026","status":"publish","type":"page","link":"https:\/\/krutkonst.se\/?page_id=2948","title":{"rendered":"Vinster i konstrundans lotteri 2026"},"content":{"rendered":"\n<p>(Sidan kommer att uppdateras d\u00e4r uppgifter saknas)<\/p>\n\n\n\n<figure class=\"wp-block-table\"><table><tbody><tr><td>Adolfsson<\/td><td>Gunilla<\/td><td>Kudde<\/td><td>S\u00f6mnad<\/td><\/tr><tr><td>Bergman<\/td><td>Eva<\/td><td>Picknick<\/td><td>Fine Art Print<\/td><\/tr><tr><td>Bessholt<\/td><td>Siv<\/td><td>Blomkloss<\/td><td>Tr\u00e4<\/td><\/tr><tr><td>Blom<\/td><td>Martin<\/td><td>Korsord<\/td><td>Tryck<\/td><\/tr><tr><td>Carlsson<\/td><td>Leif<\/td><td>Lusten<\/td><td>Tryck<\/td><\/tr><tr><td>Christensen<\/td><td>Thomas<\/td><td>&nbsp;Studie<\/td><td>&nbsp;M\u00e5leri<\/td><\/tr><tr><td>Claesson<\/td><td>Titti<\/td><td>Fredsl\u00e4ngtan<\/td><td>\u00a0Akryl p\u00e5 duk<\/td><\/tr><tr><td>Einarsson<\/td><td>Staffan<\/td><td>&nbsp; Utan titel<\/td><td>&nbsp;Foto<\/td><\/tr><tr><td>Eklund<\/td><td>Malin<\/td><td>Sunflowers &amp; mountains<\/td><td>Akryl<\/td><\/tr><tr><td>Esteg\u00e5rd Svahn<\/td><td>Toine<\/td><td>Italien<\/td><td>AKRYL<\/td><\/tr><tr><td>Evermark<\/td><td>Bibbi<\/td><td>V\u00e5rljus<\/td><td>Blandteknik<\/td><\/tr><tr><td>Falkensv\u00e4rd<\/td><td>Kenny<\/td><td>Mimikern<\/td><td>Akvarell<\/td><\/tr><tr><td>Gidebratt<\/td><td>H\u00e5kan &amp; Gudrun<\/td><td>\u00c5terkommer<\/td><td>&nbsp;<\/td><\/tr><tr><td>Hedberg<\/td><td>Sofia<\/td><td>Keramiksk\u00e5l<\/td><td>Drejning<\/td><\/tr><tr><td>Hjelm L\u00f6venhamn<\/td><td>Ann<\/td><td>Skogens konung<\/td><td>Keramik raku<\/td><\/tr><tr><td>Hyensj\u00f6<\/td><td>Birgitta<\/td><td>Stugbyn<\/td><td>Akvarell (Fineart-tryck)<\/td><\/tr><tr><td>Hyv\u00f6nen<\/td><td>Maja<\/td><td>F\u00e4rgtimmer 1<\/td><td>Digitalt m\u00e5leri<\/td><\/tr><tr><td>H\u00e4gerstr\u00f6m<\/td><td>Gunilla<\/td><td>&nbsp;<\/td><td>&nbsp;Halmsl\u00f6jd<\/td><\/tr><tr><td>H\u00f6glund<\/td><td>Ann-Britt<\/td><td>I h\u00e4nryckningsens tid<\/td><td>V\u00e4xter<\/td><\/tr><tr><td>Jansson<\/td><td>Peter<\/td><td>Vid Alstern<\/td><td>Akvarell<\/td><\/tr><tr><td>Johnsson<\/td><td>Anna-Lena<\/td><td>Stort l\u00f6vfat<\/td><td>Stengodskeramik<\/td><\/tr><tr><td>Jones<\/td><td>Steven<\/td><td>Adventsljusstake<\/td><td>Handbyggt och drejat stengods<\/td><\/tr><tr><td>Jost-Wid\u00e9n<\/td><td>Anna<\/td><td>&#8211;<\/td><td>V\u00e4xtkollage<\/td><\/tr><tr><td>Knowles<\/td><td>Atlas<\/td><td>Bubbla<\/td><td>Blandteknik<\/td><\/tr><tr><td>Larsson<\/td><td>Sofia<\/td><td>Renoverad pall<\/td><td>Linoljef\u00e4rg, omkl\u00e4dd<\/td><\/tr><tr><td>Leks\u00e9n<\/td><td>Lars<\/td><td>Sk\u00e4rbr\u00e4da<\/td><td>Tr\u00e4sl\u00f6jd<\/td><\/tr><tr><td>Lid\u00e9n<\/td><td>Gunnar &amp; Christina<\/td><td>T\u00e5lamod<\/td><td>Akrylm\u00e5lning<\/td><\/tr><tr><td>Littorin Sanna<\/td><td>Killstad G\u00e5rd<\/td><td>Kl\u00e4dkrok i smide<\/td><td>Smide<\/td><\/tr><tr><td>Martinsen Jones<\/td><td>Hildegun<\/td><td>3 st Vallmoblommor<\/td><td>Cr\u00e9pepapper<\/td><\/tr><tr><td>Melen<\/td><td>Britt-Marie<\/td><td>&nbsp;<\/td><td>&nbsp;<\/td><\/tr><tr><td>Moberg<\/td><td>Sabina<\/td><td>Ladukrok<\/td><td>Smide<\/td><\/tr><tr><td>M\u00f6ckelind Eriksson<\/td><td>Mona-Lisa<\/td><td>Knubbig R\u00f6dhake<\/td><td>Akvarell<\/td><\/tr><tr><td>Olsson<\/td><td>Erik<\/td><td>Artistic Chaos<\/td><td>Digital\/Tryck<\/td><\/tr><tr><td>Persson<\/td><td>Barbro och Jan<\/td><td>V\u00e4ska<\/td><td>Sydd<\/td><\/tr><tr><td>Pilen\u00e5s<\/td><td>Lovisa<\/td><td>Trollsl\u00e4nda<\/td><td>Broderi<\/td><\/tr><tr><td>Poulsen<\/td><td>Birgitte<\/td><td>&nbsp;<\/td><td>&nbsp;<\/td><\/tr><tr><td>Rinnsj\u00f6<\/td><td>Kristina<\/td><td>Str\u00e5 Bl\u00e5 B<\/td><td>Akryl<\/td><\/tr><tr><td>Sch\u00f6nfeldt<\/td><td>Helen<\/td><td>&nbsp;<\/td><td>&nbsp;<\/td><\/tr><tr><td>Sterneg\u00e5rd<\/td><td>Anneli, Jan, Lovisa<\/td><td>&nbsp;Kruka<\/td><td>Keramik<\/td><\/tr><tr><td>Strandberg&nbsp;&nbsp;&nbsp;&nbsp;&nbsp;&nbsp;&nbsp;&nbsp;&nbsp;&nbsp;<\/td><td>Anna<\/td><td>Bedagad sk\u00f6nhet<\/td><td>Fineart Print<\/td><\/tr><tr><td>Wennberg<\/td><td>Gunilla<\/td><td>Hus<\/td><td>Akvarell<\/td><\/tr><tr><td>Wiktorsson<\/td><td>Bo &amp; Astrid<\/td><td>Akvarell<\/td><td>Akvarell<\/td><\/tr><tr><td>&nbsp;<\/td><td>&nbsp;<\/td><td>&nbsp;<\/td><td>&nbsp;<\/td><\/tr><tr><td>&nbsp;<\/td><td>&nbsp;<\/td><td>&nbsp;<\/td><td>&nbsp;<\/td><\/tr><tr><td>&nbsp;<\/td><td>&nbsp;<\/td><td>&nbsp;<\/td><td>&nbsp;<\/td><\/tr><tr><td>&nbsp;<\/td><td>&nbsp;<\/td><td>&nbsp;<\/td><td>&nbsp;<\/td><\/tr><\/tbody><\/table><\/figure>\n\n\n\n<p><\/p>\n","protected":false},"excerpt":{"rendered":"<p>(Sidan kommer att uppdateras d\u00e4r uppgifter saknas) Adolfsson Gunilla Kudde S\u00f6mnad Bergman Eva Picknick Fine Art Print Bessholt Siv Blomkloss Tr\u00e4 Blom Martin Korsord Tryck Carlsson Leif Lusten Tryck Christensen Thomas &nbsp;Studie &nbsp;M\u00e5leri Claesson Titti Fredsl\u00e4ngtan \u00a0Akryl p\u00e5 duk Einarsson Staffan &nbsp; Utan titel &nbsp;Foto Eklund Malin Sunflowers &amp; mountains Akryl Esteg\u00e5rd Svahn Toine Italien [&hellip;]<\/p>\n","protected":false},"author":1,"featured_media":0,"parent":189,"menu_order":0,"comment_status":"closed","ping_status":"closed","template":"","meta":[],"_links":{"self":[{"href":"https:\/\/krutkonst.se\/index.php?rest_route=\/wp\/v2\/pages\/2948"}],"collection":[{"href":"https:\/\/krutkonst.se\/index.php?rest_route=\/wp\/v2\/pages"}],"about":[{"href":"https:\/\/krutkonst.se\/index.php?rest_route=\/wp\/v2\/types\/page"}],"author":[{"embeddable":true,"href":"https:\/\/krutkonst.se\/index.php?rest_route=\/wp\/v2\/users\/1"}],"replies":[{"embeddable":true,"href":"https:\/\/krutkonst.se\/index.php?rest_route=%2Fwp%2Fv2%2Fcomments&post=2948"}],"version-history":[{"count":2,"href":"https:\/\/krutkonst.se\/index.php?rest_route=\/wp\/v2\/pages\/2948\/revisions"}],"predecessor-version":[{"id":2956,"href":"https:\/\/krutkonst.se\/index.php?rest_route=\/wp\/v2\/pages\/2948\/revisions\/2956"}],"up":[{"embeddable":true,"href":"https:\/\/krutkonst.se\/index.php?rest_route=\/wp\/v2\/pages\/189"}],"wp:attachment":[{"href":"https:\/\/krutkonst.se\/index.php?rest_route=%2Fwp%2Fv2%2Fmedia&parent=2948"}],"curies":[{"name":"wp","href":"https:\/\/api.w.org\/{rel}","templated":true}]}}