{"id":2951,"date":"2026-05-14T18:47:08","date_gmt":"2026-05-14T17:47:08","guid":{"rendered":"https:\/\/krutkonst.se\/?page_id=2951"},"modified":"2026-05-14T20:18:08","modified_gmt":"2026-05-14T19:18:08","slug":"arets-gastutstallare-2026","status":"publish","type":"page","link":"https:\/\/krutkonst.se\/?page_id=2951","title":{"rendered":"\u00c5rets g\u00e4stutst\u00e4llare 2026"},"content":{"rendered":"\n<h2>Birgitte Melgaard Poulsen<\/h2>\n\n\n\n<figure class=\"wp-block-image size-large is-resized\"><a href=\"https:\/\/krutkonst.se\/wp-content\/uploads\/2026\/05\/Bild-gastutstallare-2026-2.jpg\"><img loading=\"lazy\" src=\"https:\/\/krutkonst.se\/wp-content\/uploads\/2026\/05\/Bild-gastutstallare-2026-2-1024x768.jpg\" alt=\"\" class=\"wp-image-2962\" width=\"747\" height=\"560\" srcset=\"https:\/\/krutkonst.se\/wp-content\/uploads\/2026\/05\/Bild-gastutstallare-2026-2-1024x768.jpg 1024w, https:\/\/krutkonst.se\/wp-content\/uploads\/2026\/05\/Bild-gastutstallare-2026-2-300x225.jpg 300w, https:\/\/krutkonst.se\/wp-content\/uploads\/2026\/05\/Bild-gastutstallare-2026-2-768x576.jpg 768w, https:\/\/krutkonst.se\/wp-content\/uploads\/2026\/05\/Bild-gastutstallare-2026-2-1536x1153.jpg 1536w, https:\/\/krutkonst.se\/wp-content\/uploads\/2026\/05\/Bild-gastutstallare-2026-2.jpg 1599w\" sizes=\"(max-width: 747px) 100vw, 747px\" \/><\/a><figcaption>Birgitte Melgaard Poulsen, g\u00e4stutst\u00e4llare p\u00e5 T\u00e4lleruds hembygdsg\u00e5rd 2026<\/figcaption><\/figure>\n\n\n\n<blockquote class=\"wp-block-quote\"><p>Bildg\u00f6randet \u00e4r f\u00f6r mig en l\u00e5ngsam process. Mest tycker jag om att sitta ute och m\u00e5la.<\/p><\/blockquote>\n\n\n\n<p>Birgitte Melgaard Poulsen \u00e4r ursprungligen fr\u00e5n Danmark, men har bott i Sverige i m\u00e5nga \u00e5r och sedan 10 \u00e5r tillbaka \u00e4r hon bosatt i V\u00e4rmland. <\/p>\n\n\n\n<p>Hon beskriver att det alltid varit en gl\u00e4dje att g\u00f6ra bilder och motivet har varit vad hon sett och upplevt. Ett par perioder har hon haft tillg\u00e5ng till grafikverkstad och tr\u00e4snitt har varit en favorit.<\/p>\n","protected":false},"excerpt":{"rendered":"<p>Birgitte Melgaard Poulsen Bildg\u00f6randet \u00e4r f\u00f6r mig en l\u00e5ngsam process. Mest tycker jag om att sitta ute och m\u00e5la. Birgitte Melgaard Poulsen \u00e4r ursprungligen fr\u00e5n Danmark, men har bott i Sverige i m\u00e5nga \u00e5r och sedan 10 \u00e5r tillbaka \u00e4r hon bosatt i V\u00e4rmland. Hon beskriver att det alltid varit en gl\u00e4dje att g\u00f6ra bilder [&hellip;]<\/p>\n","protected":false},"author":1,"featured_media":0,"parent":0,"menu_order":0,"comment_status":"closed","ping_status":"closed","template":"","meta":[],"_links":{"self":[{"href":"https:\/\/krutkonst.se\/index.php?rest_route=\/wp\/v2\/pages\/2951"}],"collection":[{"href":"https:\/\/krutkonst.se\/index.php?rest_route=\/wp\/v2\/pages"}],"about":[{"href":"https:\/\/krutkonst.se\/index.php?rest_route=\/wp\/v2\/types\/page"}],"author":[{"embeddable":true,"href":"https:\/\/krutkonst.se\/index.php?rest_route=\/wp\/v2\/users\/1"}],"replies":[{"embeddable":true,"href":"https:\/\/krutkonst.se\/index.php?rest_route=%2Fwp%2Fv2%2Fcomments&post=2951"}],"version-history":[{"count":3,"href":"https:\/\/krutkonst.se\/index.php?rest_route=\/wp\/v2\/pages\/2951\/revisions"}],"predecessor-version":[{"id":2971,"href":"https:\/\/krutkonst.se\/index.php?rest_route=\/wp\/v2\/pages\/2951\/revisions\/2971"}],"wp:attachment":[{"href":"https:\/\/krutkonst.se\/index.php?rest_route=%2Fwp%2Fv2%2Fmedia&parent=2951"}],"curies":[{"name":"wp","href":"https:\/\/api.w.org\/{rel}","templated":true}]}}