{"id":89,"date":"2011-12-08T13:32:52","date_gmt":"2011-12-08T13:32:52","guid":{"rendered":"http:\/\/krut.javatears.se\/?page_id=89"},"modified":"2025-05-11T11:43:47","modified_gmt":"2025-05-11T10:43:47","slug":"sponsorer","status":"publish","type":"page","link":"https:\/\/krutkonst.se\/?page_id=89","title":{"rendered":"Sponsorer"},"content":{"rendered":"<p><a href=\"https:\/\/www.ica.se\/erbjudanden\/ica-nara-mossbergs-1004266\/\"><strong> V\u00e5ra sponsorer finns h\u00e4r!<\/strong><\/a><br>ETT STORT TACK F\u00d6R ATT NI ST\u00d6DER KRUT<\/p>\n\n\n<figure class=\"wp-block-table\"><table><tbody><tr><td><a href=\"http:\/\/alsterdalenssnickerifabrik.com\">Alstedalens Snickerifabrik<\/a><\/td><\/tr><tr><td><a href=\"https:\/\/alstrum.se\">Alstrums G\u00e5rd<\/a><\/td><\/tr><tr><td><a href=\"https:\/\/citytryck-karlstad.se\">Citytryck<\/a><\/td><\/tr><tr><td><a href=\"https:\/\/combihornan.se\/?gad_source=1&amp;gclid=CjwKCAjwi_exBhA8EiwA_kU1MlxijcKaUc74i8aQkc9D_21ZcspICxOgjeIXqD6jdr-FFWGqilQn5RoCam0QAvD_BwE\">Combih\u00f6rnan<\/a><\/td><\/tr><tr><td><a href=\"https:\/\/www.ica.se\/erbjudanden\/ica-nara-mossbergs-1004266\/\">ICA-n\u00e4ra<\/a><\/td><\/tr><tr><td><a href=\"https:\/\/www.allabolag.se\/5567491807\/karlstads-stenhuggeri-ab\">Karlstads Stenhuggeri<\/a><\/td><\/tr><tr><td><a href=\"https:\/\/www.konsthantverkarnakarlstad.se\">Konsthantverkarna i Karlstad<\/a><\/td><\/tr><tr><td><a href=\"https:\/\/lorensbergsel.se\/~xrztxbnm\/\">Lorensbergs Elektriska AB<\/a><\/td><\/tr><tr><td><a href=\"https:\/\/mariaoptik.se\">Maria Optik<\/a><\/td><\/tr><tr><td><a href=\"https:\/\/www.facebook.com\/p\/Olsson-bil-och-karosseri-100057441490077\/?locale=sv_SE\">Olsson bil och karosseri<\/a><\/td><\/tr><tr><td><a href=\"https:\/\/uddautflykter.se\/guide\/varmland\/psalmboksmuseet\/#google_vignette\">Psalmboks- och Bibelmuseet<\/a><\/td><\/tr><tr><td><a href=\"http:\/\/rotnasgardsbutik.se\">Rotn\u00e4s G\u00e5rdsbutik Inredning &amp; Cafe<\/a><\/td><\/tr><tr><td><a href=\"https:\/\/www.allabolag.se\/590621HPPG\/solstadens-fonsterputs-i-karlstadvarmland\">Solstadens F\u00f6nsterputs<\/a><\/td><\/tr><tr><td><a href=\"http:\/\/www.hildegunmjones.se\">Steven &amp; Hildegun Jones<\/a><\/td><\/tr><tr><td><a href=\"https:\/\/evidensia.se\/klinik\/ulvsby-smadjursklinik\/\">Ulvsby Sm\u00e5djursklinik<\/a><\/td><\/tr><tr><td><a href=\"https:\/\/www.ulvsbywestern.se\/\">Ulvsby Western<\/a><\/td><\/tr><tr><td><a href=\"https:\/\/utab.se\">UTAB Spol &amp; R\u00f6rteknik<\/a><\/td><\/tr><tr><td><a href=\"https:\/\/www.varmlandskok.se\">V\u00e4rmlandsk\u00f6k<\/a><\/td><\/tr><tr><td><a href=\"https:\/\/yogainstitutet.nu\">Yogainstitutet<\/a><\/td><\/tr><tr><td><a href=\"http:\/\/www.aght.se\">\u00c5storps G\u00e5rd &amp; Handelstr\u00e4dg\u00e5rd<\/a><\/td><\/tr><\/tbody><\/table><\/figure>\n\n\n\n<p><\/p>\n","protected":false},"excerpt":{"rendered":"<p>V\u00e5ra sponsorer finns h\u00e4r!ETT STORT TACK F\u00d6R ATT NI ST\u00d6DER KRUT Alstedalens Snickerifabrik Alstrums G\u00e5rd Citytryck Combih\u00f6rnan ICA-n\u00e4ra Karlstads Stenhuggeri Konsthantverkarna i Karlstad Lorensbergs Elektriska AB Maria Optik Olsson bil och karosseri Psalmboks- och Bibelmuseet Rotn\u00e4s G\u00e5rdsbutik Inredning &amp; Cafe Solstadens F\u00f6nsterputs Steven &amp; Hildegun Jones Ulvsby Sm\u00e5djursklinik Ulvsby Western UTAB Spol &amp; R\u00f6rteknik V\u00e4rmlandsk\u00f6k [&hellip;]<\/p>\n","protected":false},"author":1,"featured_media":0,"parent":0,"menu_order":0,"comment_status":"open","ping_status":"open","template":"","meta":[],"_links":{"self":[{"href":"https:\/\/krutkonst.se\/index.php?rest_route=\/wp\/v2\/pages\/89"}],"collection":[{"href":"https:\/\/krutkonst.se\/index.php?rest_route=\/wp\/v2\/pages"}],"about":[{"href":"https:\/\/krutkonst.se\/index.php?rest_route=\/wp\/v2\/types\/page"}],"author":[{"embeddable":true,"href":"https:\/\/krutkonst.se\/index.php?rest_route=\/wp\/v2\/users\/1"}],"replies":[{"embeddable":true,"href":"https:\/\/krutkonst.se\/index.php?rest_route=%2Fwp%2Fv2%2Fcomments&post=89"}],"version-history":[{"count":59,"href":"https:\/\/krutkonst.se\/index.php?rest_route=\/wp\/v2\/pages\/89\/revisions"}],"predecessor-version":[{"id":2842,"href":"https:\/\/krutkonst.se\/index.php?rest_route=\/wp\/v2\/pages\/89\/revisions\/2842"}],"wp:attachment":[{"href":"https:\/\/krutkonst.se\/index.php?rest_route=%2Fwp%2Fv2%2Fmedia&parent=89"}],"curies":[{"name":"wp","href":"https:\/\/api.w.org\/{rel}","templated":true}]}}